{"id":1073,"date":"2021-08-25T10:22:26","date_gmt":"2021-08-25T08:22:26","guid":{"rendered":"https:\/\/nakagawa.de\/labels\/"},"modified":"2021-08-25T10:34:37","modified_gmt":"2021-08-25T08:34:37","slug":"labels","status":"publish","type":"page","link":"https:\/\/nakagawa.de\/en\/labels\/","title":{"rendered":"Labels"},"content":{"rendered":"<p>[et_pb_section fb_built=&#8221;1&#8243; _builder_version=&#8221;3.22&#8243; background_image=&#8221;https:\/\/nakagawa.de\/wp-content\/uploads\/2018\/10\/abstract-3612368-1.png&#8221; parallax=&#8221;on&#8221;][et_pb_row _builder_version=&#8221;3.25&#8243; background_size=&#8221;initial&#8221; background_position=&#8221;top_left&#8221; background_repeat=&#8221;repeat&#8221;][et_pb_column type=&#8221;4_4&#8243; _builder_version=&#8221;3.25&#8243; custom_padding=&#8221;|||&#8221; custom_padding__hover=&#8221;|||&#8221;][et_pb_text _builder_version=&#8221;4.6.1&#8243; header_text_color=&#8221;#ffffff&#8221; header_font_size=&#8221;35px&#8221; hover_enabled=&#8221;0&#8243; header_text_shadow_style=&#8221;preset3&#8243; sticky_enabled=&#8221;0&#8243;]<\/p>\n<h1>Labels<\/h1>\n<p>[\/et_pb_text][\/et_pb_column][\/et_pb_row][\/et_pb_section][et_pb_section fb_built=&#8221;1&#8243; _builder_version=&#8221;3.22&#8243;][et_pb_row column_structure=&#8221;1_3,1_3,1_3&#8243; _builder_version=&#8221;3.25&#8243; background_size=&#8221;initial&#8221; background_position=&#8221;top_left&#8221; background_repeat=&#8221;repeat&#8221;][et_pb_column type=&#8221;1_3&#8243; _builder_version=&#8221;3.25&#8243; custom_padding=&#8221;|||&#8221; custom_padding__hover=&#8221;|||&#8221;][et_pb_image src=&#8221;https:\/\/nakagawa.de\/wp-content\/uploads\/2018\/11\/IMG_1928.jpg&#8221; show_in_lightbox=&#8221;on&#8221; align_tablet=&#8221;center&#8221; align_phone=&#8221;&#8221; align_last_edited=&#8221;on|desktop&#8221; _builder_version=&#8221;3.29.3&#8243; box_shadow_style=&#8221;preset2&#8243;][\/et_pb_image][\/et_pb_column][et_pb_column type=&#8221;1_3&#8243; _builder_version=&#8221;3.25&#8243; custom_padding=&#8221;|||&#8221; custom_padding__hover=&#8221;|||&#8221;][et_pb_image src=&#8221;https:\/\/nakagawa.de\/wp-content\/uploads\/2018\/11\/IMG_1739.jpg&#8221; show_in_lightbox=&#8221;on&#8221; align_tablet=&#8221;center&#8221; align_phone=&#8221;&#8221; align_last_edited=&#8221;on|desktop&#8221; _builder_version=&#8221;3.29.3&#8243; box_shadow_style=&#8221;preset2&#8243;][\/et_pb_image][\/et_pb_column][et_pb_column type=&#8221;1_3&#8243; _builder_version=&#8221;3.25&#8243; custom_padding=&#8221;|||&#8221; custom_padding__hover=&#8221;|||&#8221;][et_pb_image src=&#8221;https:\/\/nakagawa.de\/wp-content\/uploads\/2018\/11\/MIZE2140_Bildgr\u00f6\u00dfe-\u00e4ndern.jpg&#8221; show_in_lightbox=&#8221;on&#8221; align_tablet=&#8221;center&#8221; align_phone=&#8221;&#8221; align_last_edited=&#8221;on|desktop&#8221; _builder_version=&#8221;3.29.3&#8243; box_shadow_style=&#8221;preset2&#8243;][\/et_pb_image][\/et_pb_column][\/et_pb_row][et_pb_row _builder_version=&#8221;3.25&#8243; background_size=&#8221;initial&#8221; background_position=&#8221;top_left&#8221; background_repeat=&#8221;repeat&#8221;][et_pb_column type=&#8221;4_4&#8243; _builder_version=&#8221;3.25&#8243; custom_padding=&#8221;|||&#8221; custom_padding__hover=&#8221;|||&#8221;][et_pb_text _builder_version=&#8221;4.6.1&#8243; hover_enabled=&#8221;0&#8243; sticky_enabled=&#8221;0&#8243;]<\/p>\n<p>Nakagawa Mfg. Deutschland GmbH is specialized in the production of labels.<\/p>\n<p>Nowadays, the use of labels is widespread in various fields and applications. Labels are available in the form of rolls, leporello laid, sheets, endless rolls as well as in blank and printed version. They are suitable for the following printing processes: inkjet, laser, multi-function, thermal direct and thermal transfer printers.<\/p>\n<p>Here are some examples of applications:<\/p>\n<ul>\n<li>Industrial labels<\/li>\n<li>Medical labels<\/li>\n<li>Shipping labels<\/li>\n<li>Product labels<\/li>\n<li>Price labels etc.<\/li>\n<\/ul>\n<p>From standard formats to custom-made products, we can offer you everything. Please <a href=\"https:\/\/nakagawa.de\/en\/contact\/\">contact<\/a> us, we will be happy to make your individual offer.<\/p>\n<h3>\u00a0<\/h3>\n<h3>Printing methods:<\/h3>\n<ul>\n<li><a href=\"https:\/\/nakagawa.de\/en\/thermo-direct\/\">Thermal Direct<\/a><\/li>\n<li><a href=\"https:\/\/nakagawa.de\/en\/thermal-transfer\/\">Thermal Transfer<\/a><\/li>\n<li><a href=\"https:\/\/nakagawa.de\/en\/inkjet\/\">Inkjet<\/a><\/li>\n<li><a href=\"https:\/\/nakagawa.de\/en\/laser\/\">Laser<\/a><\/li>\n<\/ul>\n<p>[\/et_pb_text][\/et_pb_column][\/et_pb_row][\/et_pb_section]<br \/>\n<script><\/script><\/p>\n","protected":false},"excerpt":{"rendered":"<p>LabelsNakagawa Mfg. Deutschland GmbH is specialized in the production of labels. Nowadays, the use of labels is widespread in various fields and applications. Labels are available in the form of rolls, leporello laid, sheets, endless rolls as well as in blank and printed version. They are suitable for the following printing processes: inkjet, laser, multi-function, [&hellip;]<\/p>\n","protected":false},"author":9,"featured_media":0,"parent":0,"menu_order":0,"comment_status":"closed","ping_status":"closed","template":"","meta":{"_et_pb_use_builder":"on","_et_pb_old_content":"","_et_gb_content_width":"","footnotes":""},"class_list":["post-1073","page","type-page","status-publish","hentry"],"jetpack_sharing_enabled":true,"_links":{"self":[{"href":"https:\/\/nakagawa.de\/en\/wp-json\/wp\/v2\/pages\/1073","targetHints":{"allow":["GET"]}}],"collection":[{"href":"https:\/\/nakagawa.de\/en\/wp-json\/wp\/v2\/pages"}],"about":[{"href":"https:\/\/nakagawa.de\/en\/wp-json\/wp\/v2\/types\/page"}],"author":[{"embeddable":true,"href":"https:\/\/nakagawa.de\/en\/wp-json\/wp\/v2\/users\/9"}],"replies":[{"embeddable":true,"href":"https:\/\/nakagawa.de\/en\/wp-json\/wp\/v2\/comments?post=1073"}],"version-history":[{"count":5,"href":"https:\/\/nakagawa.de\/en\/wp-json\/wp\/v2\/pages\/1073\/revisions"}],"predecessor-version":[{"id":1096,"href":"https:\/\/nakagawa.de\/en\/wp-json\/wp\/v2\/pages\/1073\/revisions\/1096"}],"wp:attachment":[{"href":"https:\/\/nakagawa.de\/en\/wp-json\/wp\/v2\/media?parent=1073"}],"curies":[{"name":"wp","href":"https:\/\/api.w.org\/{rel}","templated":true}]}}