{"id":1061,"date":"2021-08-25T10:06:37","date_gmt":"2021-08-25T08:06:37","guid":{"rendered":"https:\/\/nakagawa.de\/products\/"},"modified":"2021-08-25T10:06:38","modified_gmt":"2021-08-25T08:06:38","slug":"products","status":"publish","type":"page","link":"https:\/\/nakagawa.de\/en\/products\/","title":{"rendered":"Products"},"content":{"rendered":"<p>[et_pb_section fb_built=&#8221;1&#8243; _builder_version=&#8221;3.22&#8243; background_image=&#8221;https:\/\/nakagawa.de\/wp-content\/uploads\/2018\/10\/abstract-3612368-1.png&#8221; parallax=&#8221;on&#8221;][et_pb_row _builder_version=&#8221;3.25&#8243; background_size=&#8221;initial&#8221; background_position=&#8221;top_left&#8221; background_repeat=&#8221;repeat&#8221;][et_pb_column type=&#8221;4_4&#8243; _builder_version=&#8221;3.25&#8243; custom_padding=&#8221;|||&#8221; custom_padding__hover=&#8221;|||&#8221;][et_pb_text _builder_version=&#8221;4.6.1&#8243; header_text_color=&#8221;#ffffff&#8221; header_font_size=&#8221;35px&#8221; header_text_shadow_style=&#8221;preset3&#8243;]<\/p>\n<h1>Our products<\/h1>\n<p>[\/et_pb_text][\/et_pb_column][\/et_pb_row][\/et_pb_section][et_pb_section fb_built=&#8221;1&#8243; _builder_version=&#8221;4.6.1&#8243;][et_pb_row column_structure=&#8221;1_4,3_4&#8243; _builder_version=&#8221;4.6.1&#8243; background_size=&#8221;initial&#8221; background_position=&#8221;top_left&#8221; background_repeat=&#8221;repeat&#8221;][et_pb_column type=&#8221;1_4&#8243; _builder_version=&#8221;3.25&#8243; custom_padding=&#8221;|||&#8221; custom_padding__hover=&#8221;|||&#8221;][et_pb_image_n10s src=&#8221;https:\/\/nakagawa.de\/wp-content\/uploads\/2018\/11\/MIZE2147_Bildgr\u00f6\u00dfe-\u00e4ndern.jpg&#8221; n10s_type=&#8221;madison&#8221; title2_overlay=&#8221;Labels&#8221; caption_overlay=&#8221;mehr erfahren&#8221; image_as_url=&#8221;on&#8221; url=&#8221;https:\/\/nakagawa.de\/labels\/&#8221; admin_label=&#8221;Labels&#8221; _builder_version=&#8221;4.6.1&#8243; hover_enabled=&#8221;0&#8243; header_text_shadow_style=&#8221;preset3&#8243; header_text_shadow_blur_strength=&#8221;0.5em&#8221; header_text_shadow_color=&#8221;#000000&#8243; text_text_shadow_style=&#8221;preset3&#8243; text_text_shadow_blur_strength=&#8221;0.49em&#8221; text_text_shadow_color=&#8221;#000000&#8243; sticky_enabled=&#8221;0&#8243;]&nbsp;<br \/>\n[\/et_pb_image_n10s][\/et_pb_column][et_pb_column type=&#8221;3_4&#8243; _builder_version=&#8221;3.25&#8243; custom_padding=&#8221;|||&#8221; custom_padding__hover=&#8221;|||&#8221;][et_pb_text admin_label=&#8221;Labels &#8211; Text&#8221; _builder_version=&#8221;4.6.1&#8243;]<\/p>\n<p>Labels<\/p>\n<p>[\/et_pb_text][\/et_pb_column][\/et_pb_row][et_pb_row column_structure=&#8221;1_4,3_4&#8243; _builder_version=&#8221;3.25&#8243; background_size=&#8221;initial&#8221; background_position=&#8221;top_left&#8221; background_repeat=&#8221;repeat&#8221;][et_pb_column type=&#8221;1_4&#8243; _builder_version=&#8221;3.25&#8243; custom_padding=&#8221;|||&#8221; custom_padding__hover=&#8221;|||&#8221;][et_pb_image_n10s src=&#8221;https:\/\/nakagawa.de\/wp-content\/uploads\/2018\/11\/IMG_1272.jpg&#8221; n10s_type=&#8221;madison&#8221; title2_overlay=&#8221;Tickets&#8221; caption_overlay=&#8221;mehr erfahren&#8221; image_as_url=&#8221;on&#8221; url=&#8221;https:\/\/nakagawa.de\/tickets\/&#8221; admin_label=&#8221;Tickets&#8221; _builder_version=&#8221;3.29.3&#8243; text_text_color=&#8221;#ffffff&#8221; header_text_shadow_style=&#8221;preset3&#8243; header_text_shadow_color=&#8221;#000000&#8243; text_text_shadow_style=&#8221;preset3&#8243; text_text_shadow_blur_strength=&#8221;0.49em&#8221; text_text_shadow_color=&#8221;#000000&#8243;]&nbsp;<br \/>\n[\/et_pb_image_n10s][\/et_pb_column][et_pb_column type=&#8221;3_4&#8243; _builder_version=&#8221;3.25&#8243; custom_padding=&#8221;|||&#8221; custom_padding__hover=&#8221;|||&#8221;][et_pb_text admin_label=&#8221;Tickets &#8211; Text&#8221; _builder_version=&#8221;3.29.3&#8243;]<\/p>\n<h1>Tickets<\/h1>\n<p>[\/et_pb_text][\/et_pb_column][\/et_pb_row][et_pb_row column_structure=&#8221;1_4,3_4&#8243; _builder_version=&#8221;3.25&#8243; background_size=&#8221;initial&#8221; background_position=&#8221;top_left&#8221; background_repeat=&#8221;repeat&#8221;][et_pb_column type=&#8221;1_4&#8243; _builder_version=&#8221;3.25&#8243; custom_padding=&#8221;|||&#8221; custom_padding__hover=&#8221;|||&#8221;][et_pb_image_n10s src=&#8221;https:\/\/nakagawa.de\/wp-content\/uploads\/2019\/09\/Name_Badges_0.jpg&#8221; n10s_type=&#8221;madison&#8221; title2_overlay=&#8221;Name Badges&#8221; caption_overlay=&#8221;mehr erfahren&#8221; image_as_url=&#8221;on&#8221; url=&#8221;https:\/\/nakagawa.de\/name-badges\/&#8221; admin_label=&#8221;Name Badges&#8221; _builder_version=&#8221;4.6.1&#8243; header_text_color=&#8221;#ffffff&#8221; text_text_color=&#8221;#ffffff&#8221; background_enable_color=&#8221;off&#8221; link_option_url=&#8221;https:\/\/nakagawa.de\/name-badges&#8221; header_text_shadow_style=&#8221;preset3&#8243; header_text_shadow_color=&#8221;#000000&#8243; text_text_shadow_style=&#8221;preset3&#8243; text_text_shadow_blur_strength=&#8221;0.52em&#8221; text_text_shadow_color=&#8221;#000000&#8243;]&nbsp;<br \/>\n[\/et_pb_image_n10s][\/et_pb_column][et_pb_column type=&#8221;3_4&#8243; _builder_version=&#8221;3.25&#8243; custom_padding=&#8221;|||&#8221; custom_padding__hover=&#8221;|||&#8221;][et_pb_text admin_label=&#8221;Name Badges &#8211; Text&#8221; _builder_version=&#8221;3.29.3&#8243;]<\/p>\n<h1>Name Badges<\/h1>\n<p>[\/et_pb_text][\/et_pb_column][\/et_pb_row][et_pb_row column_structure=&#8221;1_4,3_4&#8243; _builder_version=&#8221;3.25&#8243; background_size=&#8221;initial&#8221; background_position=&#8221;top_left&#8221; background_repeat=&#8221;repeat&#8221;][et_pb_column type=&#8221;1_4&#8243; _builder_version=&#8221;3.25&#8243; custom_padding=&#8221;|||&#8221; custom_padding__hover=&#8221;|||&#8221;][et_pb_image_n10s src=&#8221;https:\/\/nakagawa.de\/wp-content\/uploads\/2018\/11\/m1pos2-1.jpg&#8221; n10s_type=&#8221;madison&#8221; title2_overlay=&#8221;POS Rolls&#8221; caption_overlay=&#8221;mehr erfahren&#8221; image_as_url=&#8221;on&#8221; url=&#8221;https:\/\/nakagawa.de\/pos-rolls\/&#8221; admin_label=&#8221;POS Rolls&#8221; _builder_version=&#8221;3.29.3&#8243; header_text_shadow_style=&#8221;preset3&#8243; header_text_shadow_blur_strength=&#8221;0.48em&#8221; header_text_shadow_color=&#8221;#000000&#8243; text_text_shadow_style=&#8221;preset3&#8243; text_text_shadow_blur_strength=&#8221;0.51em&#8221; text_text_shadow_color=&#8221;#000000&#8243;]&nbsp;<br \/>\n[\/et_pb_image_n10s][\/et_pb_column][et_pb_column type=&#8221;3_4&#8243; _builder_version=&#8221;3.25&#8243; custom_padding=&#8221;|||&#8221; custom_padding__hover=&#8221;|||&#8221;][et_pb_text admin_label=&#8221;POS Rolls &#8211; Text&#8221; _builder_version=&#8221;3.29.3&#8243;]<\/p>\n<h1>POS Rolls<\/h1>\n<p>[\/et_pb_text][\/et_pb_column][\/et_pb_row][et_pb_row column_structure=&#8221;1_4,3_4&#8243; _builder_version=&#8221;3.25&#8243; background_size=&#8221;initial&#8221; background_position=&#8221;top_left&#8221; background_repeat=&#8221;repeat&#8221;][et_pb_column type=&#8221;1_4&#8243; _builder_version=&#8221;3.25&#8243; custom_padding=&#8221;|||&#8221; custom_padding__hover=&#8221;|||&#8221;][et_pb_image_n10s src=&#8221;https:\/\/nakagawa.de\/wp-content\/uploads\/2019\/09\/Wristbands_0-1.jpg&#8221; n10s_type=&#8221;madison&#8221; title2_overlay=&#8221;Wristbands&#8221; caption_overlay=&#8221;mehr erfahren&#8221; image_as_url=&#8221;on&#8221; url=&#8221;https:\/\/nakagawa.de\/pos-rolls\/&#8221; admin_label=&#8221;Wristbands&#8221; _builder_version=&#8221;3.29.3&#8243; link_option_url=&#8221;https:\/\/nakagawa.de\/wristbands&#8221; header_text_shadow_style=&#8221;preset3&#8243; header_text_shadow_blur_strength=&#8221;0.49em&#8221; header_text_shadow_color=&#8221;#000000&#8243; text_text_shadow_style=&#8221;preset3&#8243; text_text_shadow_blur_strength=&#8221;0.5em&#8221; text_text_shadow_color=&#8221;#000000&#8243;]&nbsp;<br \/>\n[\/et_pb_image_n10s][\/et_pb_column][et_pb_column type=&#8221;3_4&#8243; _builder_version=&#8221;3.25&#8243; custom_padding=&#8221;|||&#8221; custom_padding__hover=&#8221;|||&#8221;][et_pb_text admin_label=&#8221;Wristbands &#8211; Text&#8221; _builder_version=&#8221;3.29.3&#8243;]<\/p>\n<h1>Wristbands<\/h1>\n<p>[\/et_pb_text][\/et_pb_column][\/et_pb_row][\/et_pb_section]<br \/>\n<script><\/script><\/p>\n","protected":false},"excerpt":{"rendered":"<p>Our products&nbsp; Labels&nbsp; Tickets&nbsp; Name Badges&nbsp; POS Rolls&nbsp; Wristbands<\/p>\n","protected":false},"author":9,"featured_media":0,"parent":0,"menu_order":0,"comment_status":"closed","ping_status":"closed","template":"","meta":{"_et_pb_use_builder":"on","_et_pb_old_content":"","_et_gb_content_width":"","footnotes":""},"class_list":["post-1061","page","type-page","status-publish","hentry"],"jetpack_sharing_enabled":true,"_links":{"self":[{"href":"https:\/\/nakagawa.de\/en\/wp-json\/wp\/v2\/pages\/1061","targetHints":{"allow":["GET"]}}],"collection":[{"href":"https:\/\/nakagawa.de\/en\/wp-json\/wp\/v2\/pages"}],"about":[{"href":"https:\/\/nakagawa.de\/en\/wp-json\/wp\/v2\/types\/page"}],"author":[{"embeddable":true,"href":"https:\/\/nakagawa.de\/en\/wp-json\/wp\/v2\/users\/9"}],"replies":[{"embeddable":true,"href":"https:\/\/nakagawa.de\/en\/wp-json\/wp\/v2\/comments?post=1061"}],"version-history":[{"count":4,"href":"https:\/\/nakagawa.de\/en\/wp-json\/wp\/v2\/pages\/1061\/revisions"}],"predecessor-version":[{"id":1065,"href":"https:\/\/nakagawa.de\/en\/wp-json\/wp\/v2\/pages\/1061\/revisions\/1065"}],"wp:attachment":[{"href":"https:\/\/nakagawa.de\/en\/wp-json\/wp\/v2\/media?parent=1061"}],"curies":[{"name":"wp","href":"https:\/\/api.w.org\/{rel}","templated":true}]}}